{"id":3050,"date":"2025-10-21T09:09:36","date_gmt":"2025-10-21T09:09:36","guid":{"rendered":"https:\/\/teslamedicalsolutions.levitastaging.it\/?page_id=3050"},"modified":"2026-03-25T11:01:27","modified_gmt":"2026-03-25T11:01:27","slug":"consulenza","status":"publish","type":"page","link":"https:\/\/www.teslamedicalsolutions.it\/en\/consulenza\/","title":{"rendered":"Consulting"},"content":{"rendered":"<div data-elementor-type=\"wp-page\" data-elementor-id=\"3050\" class=\"elementor elementor-3050\" data-elementor-post-type=\"page\">\n\t\t\t\t<div class=\"elementor-element elementor-element-26f79f1 e-flex e-con-boxed e-con e-parent\" data-id=\"26f79f1\" data-element_type=\"container\" data-e-type=\"container\" data-settings=\"{&quot;background_background&quot;:&quot;classic&quot;}\">\n\t\t\t\t\t<div class=\"e-con-inner\">\n\t\t\t\t<div class=\"elementor-element elementor-element-09c20c9 elementor-widget elementor-widget-heading\" data-id=\"09c20c9\" data-element_type=\"widget\" data-e-type=\"widget\" data-widget_type=\"heading.default\">\n\t\t\t\t\t<h1 class=\"elementor-heading-title elementor-size-default\">Health Consultancy<\/h1>\t\t\t\t<\/div>\n\t\t\t\t<div class=\"elementor-element elementor-element-0e5cb4b elementor-widget elementor-widget-text-editor\" data-id=\"0e5cb4b\" data-element_type=\"widget\" data-e-type=\"widget\" data-widget_type=\"text-editor.default\">\n\t\t\t\t\t\t\t\t\t<p>RIORGANIZZAZIONE PIANIFICAZIONE PERFORMANCE<\/p>\t\t\t\t\t\t\t\t<\/div>\n\t\t\t\t\t<\/div>\n\t\t\t\t<\/div>\n\t\t<div class=\"elementor-element elementor-element-f6d07ef e-flex e-con-boxed e-con e-parent\" data-id=\"f6d07ef\" data-element_type=\"container\" data-e-type=\"container\" data-settings=\"{&quot;background_background&quot;:&quot;classic&quot;,&quot;shape_divider_bottom&quot;:&quot;curve&quot;}\">\n\t\t\t\t\t<div class=\"e-con-inner\">\n\t\t\t\t<div class=\"elementor-shape elementor-shape-bottom\" aria-hidden=\"true\" data-negative=\"false\">\n\t\t\t<svg xmlns=\"http:\/\/www.w3.org\/2000\/svg\" viewbox=\"0 0 1000 100\" preserveaspectratio=\"none\">\n    <path class=\"elementor-shape-fill\" d=\"M1000,4.3V0H0v4.3C0.9,23.1,126.7,99.2,500,100S1000,22.7,1000,4.3z\"\/>\n<\/svg>\t\t<\/div>\n\t\t\t\t<div class=\"elementor-element elementor-element-0e12f20 elementor-tablet-align-center elementor-align-left elementor-widget elementor-widget-button\" data-id=\"0e12f20\" data-element_type=\"widget\" data-e-type=\"widget\" data-widget_type=\"button.default\">\n\t\t\t\t\t\t\t\t\t\t<a class=\"elementor-button elementor-button-link elementor-size-sm\" href=\"#\">\n\t\t\t\t\t\t<span class=\"elementor-button-content-wrapper\">\n\t\t\t\t\t\t\t\t\t<span class=\"elementor-button-text\">TESLAMEDICALSOLUTIONS<\/span>\n\t\t\t\t\t<\/span>\n\t\t\t\t\t<\/a>\n\t\t\t\t\t\t\t\t<\/div>\n\t\t\t\t<div class=\"elementor-element elementor-element-0d96c5e elementor-widget elementor-widget-heading\" data-id=\"0d96c5e\" data-element_type=\"widget\" data-e-type=\"widget\" data-widget_type=\"heading.default\">\n\t\t\t\t\t<h5 class=\"elementor-heading-title elementor-size-default\">Attraverso il nostro servizio di Consulenza Sanitaria, riqualifichiamo l'offerta con un'attenta coordinazione, garantendo la continuit\u00e0 assistenziale, nella pianificazione di un uso efficiente delle risorse.<\/h5>\t\t\t\t<\/div>\n\t\t\t\t<div class=\"elementor-element elementor-element-693c48d elementor-widget elementor-widget-heading\" data-id=\"693c48d\" data-element_type=\"widget\" data-e-type=\"widget\" data-widget_type=\"heading.default\">\n\t\t\t\t\t<p class=\"elementor-heading-title elementor-size-default\">Tesla Medical Solutions, attraverso i suoi servizi di consulenza sanitaria, aumenta l'efficienza, analizza indicatori di riferimento e, a partire dall'organizzazione delle aziende sanitarie, crea modelli \"ad hoc\" coordinandosi con il management interno per la fattibili\u00e0 degli obiettivi, ponendo sempre particolare attenzione alla natura assistenziale del servizio offerto.<\/p>\t\t\t\t<\/div>\n\t\t\t\t\t<\/div>\n\t\t\t\t<\/div>\n\t\t<div class=\"elementor-element elementor-element-cbef617 e-flex e-con-boxed e-con e-parent\" data-id=\"cbef617\" data-element_type=\"container\" data-e-type=\"container\">\n\t\t\t\t\t<div class=\"e-con-inner\">\n\t\t<div class=\"elementor-element elementor-element-2026bb4 e-con-full e-flex e-con e-child\" data-id=\"2026bb4\" data-element_type=\"container\" data-e-type=\"container\">\n\t\t\t\t<div class=\"elementor-element elementor-element-8e417d0 elementor-widget elementor-widget-heading\" data-id=\"8e417d0\" data-element_type=\"widget\" data-e-type=\"widget\" data-widget_type=\"heading.default\">\n\t\t\t\t\t<h2 class=\"elementor-heading-title elementor-size-default\">Approccio Plurispecializzato<\/h2>\t\t\t\t<\/div>\n\t\t\t\t<div class=\"elementor-element elementor-element-ad07502 elementor-widget elementor-widget-text-editor\" data-id=\"ad07502\" data-element_type=\"widget\" data-e-type=\"widget\" data-widget_type=\"text-editor.default\">\n\t\t\t\t\t\t\t\t\t<p>La mission della nostra azienda ci ha qualificato nel mercato del settore radiologico. L&#8217;aggiornamento continuo, la passione e la meticolosit\u00e0 dell&#8217;approccio plurispecializzato ci pongono nella condizione di fornire ai nostri clienti la possibilit\u00e0 di avvalersi di <strong>un unico partner per la copertura di pi\u00f9 settori<\/strong> d&#8217;intervento.<\/p>\t\t\t\t\t\t\t\t<\/div>\n\t\t\t\t<div class=\"elementor-element elementor-element-b0b799d elementor-mobile-align-center elementor-tablet-align-center elementor-widget elementor-widget-button\" data-id=\"b0b799d\" data-element_type=\"widget\" data-e-type=\"widget\" data-widget_type=\"button.default\">\n\t\t\t\t\t\t\t\t\t\t<a class=\"elementor-button elementor-button-link elementor-size-sm elementor-animation-shrink\" href=\"https:\/\/www.teslamedicalsolutions.it\/wp-content\/uploads\/2026\/03\/TESLA_UNICO_web.pdf\" target=\"_blank\">\n\t\t\t\t\t\t<span class=\"elementor-button-content-wrapper\">\n\t\t\t\t\t\t\t\t\t<span class=\"elementor-button-text\">Download Brochure<\/span>\n\t\t\t\t\t<\/span>\n\t\t\t\t\t<\/a>\n\t\t\t\t\t\t\t\t<\/div>\n\t\t\t\t<\/div>\n\t\t<div class=\"elementor-element elementor-element-ba20f02 e-con-full e-flex e-con e-child\" data-id=\"ba20f02\" data-element_type=\"container\" data-e-type=\"container\" data-settings=\"{&quot;background_background&quot;:&quot;classic&quot;}\">\n\t\t\t\t<\/div>\n\t\t\t\t\t<\/div>\n\t\t\t\t<\/div>\n\t\t\t\t<\/div>","protected":false},"excerpt":{"rendered":"<p>Consulenza Sanitaria RIORGANIZZAZIONE PIANIFICAZIONE PERFORMANCE TESLAMEDICALSOLUTIONS Attraverso il nostro servizio di Consulenza Sanitaria, riqualifichiamo l&#8217;offerta con un&#8217;attenta coordinazione, garantendo la continuit\u00e0 assistenziale, nella pianificazione di un uso efficiente delle risorse. Tesla Medical Solutions, attraverso i suoi servizi di consulenza sanitaria, aumenta l&#8217;efficienza, analizza indicatori di riferimento e, a partire dall&#8217;organizzazione delle aziende sanitarie, crea modelli [&hellip;]<\/p>\n","protected":false},"author":1,"featured_media":0,"parent":0,"menu_order":0,"comment_status":"closed","ping_status":"closed","template":"","meta":{"footnotes":""},"class_list":["post-3050","page","type-page","status-publish","hentry"],"_links":{"self":[{"href":"https:\/\/www.teslamedicalsolutions.it\/en\/wp-json\/wp\/v2\/pages\/3050","targetHints":{"allow":["GET"]}}],"collection":[{"href":"https:\/\/www.teslamedicalsolutions.it\/en\/wp-json\/wp\/v2\/pages"}],"about":[{"href":"https:\/\/www.teslamedicalsolutions.it\/en\/wp-json\/wp\/v2\/types\/page"}],"author":[{"embeddable":true,"href":"https:\/\/www.teslamedicalsolutions.it\/en\/wp-json\/wp\/v2\/users\/1"}],"replies":[{"embeddable":true,"href":"https:\/\/www.teslamedicalsolutions.it\/en\/wp-json\/wp\/v2\/comments?post=3050"}],"version-history":[{"count":55,"href":"https:\/\/www.teslamedicalsolutions.it\/en\/wp-json\/wp\/v2\/pages\/3050\/revisions"}],"predecessor-version":[{"id":4022,"href":"https:\/\/www.teslamedicalsolutions.it\/en\/wp-json\/wp\/v2\/pages\/3050\/revisions\/4022"}],"wp:attachment":[{"href":"https:\/\/www.teslamedicalsolutions.it\/en\/wp-json\/wp\/v2\/media?parent=3050"}],"curies":[{"name":"wp","href":"https:\/\/api.w.org\/{rel}","templated":true}]}}