{"id":3048,"date":"2025-10-21T09:09:17","date_gmt":"2025-10-21T09:09:17","guid":{"rendered":"https:\/\/teslamedicalsolutions.levitastaging.it\/?page_id=3048"},"modified":"2026-04-02T17:15:56","modified_gmt":"2026-04-02T15:15:56","slug":"telerefertazione","status":"publish","type":"page","link":"https:\/\/www.teslamedicalsolutions.it\/en\/telerefertazione\/","title":{"rendered":"Telereferencing"},"content":{"rendered":"\t\t<div data-elementor-type=\"wp-page\" data-elementor-id=\"3048\" class=\"elementor elementor-3048\" data-elementor-post-type=\"page\">\n\t\t\t\t<div class=\"elementor-element elementor-element-68fc57a e-flex e-con-boxed e-con e-parent\" data-id=\"68fc57a\" data-element_type=\"container\" data-e-type=\"container\" data-settings=\"{&quot;background_background&quot;:&quot;classic&quot;}\">\n\t\t\t\t\t<div class=\"e-con-inner\">\n\t\t\t\t<div class=\"elementor-element elementor-element-43b4e76 elementor-widget elementor-widget-heading\" data-id=\"43b4e76\" data-element_type=\"widget\" data-e-type=\"widget\" data-widget_type=\"heading.default\">\n\t\t\t\t\t<h1 class=\"elementor-heading-title elementor-size-default\">Telerefertazione e Teleradiologia<\/h1>\t\t\t\t<\/div>\n\t\t\t\t\t<\/div>\n\t\t\t\t<\/div>\n\t\t<div class=\"elementor-element elementor-element-c60a10e e-flex e-con-boxed e-con e-parent\" data-id=\"c60a10e\" data-element_type=\"container\" data-e-type=\"container\" data-settings=\"{&quot;background_background&quot;:&quot;classic&quot;,&quot;shape_divider_bottom&quot;:&quot;curve&quot;}\">\n\t\t\t\t\t<div class=\"e-con-inner\">\n\t\t\t\t<div class=\"elementor-shape elementor-shape-bottom\" aria-hidden=\"true\" data-negative=\"false\">\n\t\t\t<svg xmlns=\"http:\/\/www.w3.org\/2000\/svg\" viewBox=\"0 0 1000 100\" preserveAspectRatio=\"none\">\n    <path class=\"elementor-shape-fill\" d=\"M1000,4.3V0H0v4.3C0.9,23.1,126.7,99.2,500,100S1000,22.7,1000,4.3z\"\/>\n<\/svg>\t\t<\/div>\n\t\t\t\t<div class=\"elementor-element elementor-element-2c5baef elementor-tablet-align-center elementor-align-left elementor-widget elementor-widget-button\" data-id=\"2c5baef\" data-element_type=\"widget\" data-e-type=\"widget\" data-widget_type=\"button.default\">\n\t\t\t\t\t\t\t\t\t\t<a class=\"elementor-button elementor-button-link elementor-size-sm\" href=\"#\">\n\t\t\t\t\t\t<span class=\"elementor-button-content-wrapper\">\n\t\t\t\t\t\t\t\t\t<span class=\"elementor-button-text\">TESLAMEDICALCLOUD<\/span>\n\t\t\t\t\t<\/span>\n\t\t\t\t\t<\/a>\n\t\t\t\t\t\t\t\t<\/div>\n\t\t<div class=\"elementor-element elementor-element-1766ee5 e-con-full e-flex e-con e-child\" data-id=\"1766ee5\" data-element_type=\"container\" data-e-type=\"container\">\n\t\t\t\t<div class=\"elementor-element elementor-element-a931b80 elementor-widget elementor-widget-text-editor\" data-id=\"a931b80\" data-element_type=\"widget\" data-e-type=\"widget\" data-widget_type=\"text-editor.default\">\n\t\t\t\t\t\t\t\t\t<p>Servizi di telerefertazione radiologica e teleradiologia innovativi creati per migliorare la performance delle strutture sanitarie.<\/p>\t\t\t\t\t\t\t\t<\/div>\n\t\t\t\t<div class=\"elementor-element elementor-element-13f7f21 elementor-widget elementor-widget-text-editor\" data-id=\"13f7f21\" data-element_type=\"widget\" data-e-type=\"widget\" data-widget_type=\"text-editor.default\">\n\t\t\t\t\t\t\t\t\t<p>Tesla Medical Solutions offre servizi innovativi di consulto in telemedicina a supporto dell&#8217;attivit\u00e0 diagnostica delle strutture sanitarie, utilizzando una piattaforma tecnologica secondo la vigente normativa nazionale ed internazionale.<br \/>La nostra piattaforma Private Cloud, con lettore DICOM integrato, utilizza lo standard TLS per crittografare i dati durante il trasferimento in un ambiente fisico sicuro e protetto nei centri del nostro partner tecnologico <img decoding=\"async\" class=\"alignnone\" src=\"https:\/\/www.teslamedicalsolutions.it\/wp-content\/uploads\/2026\/03\/logo-bianco-con-sito.png\" alt=\"levita Group\" width=\"83\" height=\"83\" \/> garantendo:<\/p><p>-Condivisione sicura con tecnologia end to end<\/p><p>-Rispetto della Privacy<\/p><p>-Strong-passcode d&#8217;accesso<\/p><p>-Cloud storage unlimited, un archivio illimitato e sicuro per i vostri dati<\/p><p>Il lavoro viene svolto in collaborazione con un team di medici radiologi di comprovata esperienza che possono soddisfare, sia per tempistiche di refertazione che per tipologia di esami, le necessit\u00e0 del cliente finale. Il servizio pu\u00f2 essere attivato in maniera continuativa oppure a copertura di specifici periodi critici.<\/p>\t\t\t\t\t\t\t\t<\/div>\n\t\t\t\t<div class=\"elementor-element elementor-element-973d9da elementor-widget elementor-widget-spacer\" data-id=\"973d9da\" data-element_type=\"widget\" data-e-type=\"widget\" data-widget_type=\"spacer.default\">\n\t\t\t\t\t\t\t<div class=\"elementor-spacer\">\n\t\t\t<div class=\"elementor-spacer-inner\"><\/div>\n\t\t<\/div>\n\t\t\t\t\t\t<\/div>\n\t\t\t\t<\/div>\n\t\t\t\t\t<\/div>\n\t\t\t\t<\/div>\n\t\t<div class=\"elementor-element elementor-element-96dddb4 e-flex e-con-boxed e-con e-parent\" data-id=\"96dddb4\" data-element_type=\"container\" data-e-type=\"container\">\n\t\t\t\t\t<div class=\"e-con-inner\">\n\t\t\t\t<div class=\"elementor-element elementor-element-e471764 elementor-widget elementor-widget-spacer\" data-id=\"e471764\" data-element_type=\"widget\" data-e-type=\"widget\" data-widget_type=\"spacer.default\">\n\t\t\t\t\t\t\t<div class=\"elementor-spacer\">\n\t\t\t<div class=\"elementor-spacer-inner\"><\/div>\n\t\t<\/div>\n\t\t\t\t\t\t<\/div>\n\t\t\t\t<div class=\"elementor-element elementor-element-f1f6961 elementor-widget__width-initial elementor-widget elementor-widget-video\" data-id=\"f1f6961\" data-element_type=\"widget\" data-e-type=\"widget\" data-settings=\"{&quot;youtube_url&quot;:&quot;https:\\\/\\\/www.youtube.com\\\/watch?list=TLGGAQuC4Bz1h8gzMDEwMjAyNQ&amp;time_continue=12&amp;v=gr5YnJ12PbY&amp;embeds_referring_euri=https%3A%2F%2Fwww.teslamedicalsolutions.it%2F&amp;source_ve_path=Mjg2NjY&quot;,&quot;show_image_overlay&quot;:&quot;yes&quot;,&quot;image_overlay&quot;:{&quot;url&quot;:&quot;https:\\\/\\\/www.teslamedicalsolutions.it\\\/wp-content\\\/uploads\\\/2025\\\/05\\\/Logo-Tesla-Medical-Solutions-2_Pagina_4.png&quot;,&quot;id&quot;:3255,&quot;size&quot;:&quot;&quot;,&quot;alt&quot;:&quot;&quot;,&quot;source&quot;:&quot;library&quot;},&quot;autoplay&quot;:&quot;yes&quot;,&quot;video_type&quot;:&quot;youtube&quot;,&quot;controls&quot;:&quot;yes&quot;}\" data-widget_type=\"video.default\">\n\t\t\t\t\t\t\t<div class=\"elementor-wrapper elementor-open-inline\">\n\t\t\t<div class=\"elementor-video\"><\/div>\t\t\t\t<div class=\"elementor-custom-embed-image-overlay\" style=\"background-image: url(https:\/\/www.teslamedicalsolutions.it\/wp-content\/uploads\/2025\/05\/Logo-Tesla-Medical-Solutions-2_Pagina_4.png);\">\n\t\t\t\t\t\t\t\t\t\t\t\t\t\t\t\t<div class=\"elementor-custom-embed-play\" role=\"button\" aria-label=\"Riproduci video\" tabindex=\"0\">\n\t\t\t\t\t\t\t<svg aria-hidden=\"true\" class=\"e-font-icon-svg e-eicon-play\" viewBox=\"0 0 1000 1000\" xmlns=\"http:\/\/www.w3.org\/2000\/svg\"><path d=\"M838 162C746 71 633 25 500 25 371 25 258 71 163 162 71 254 25 367 25 500 25 633 71 746 163 837 254 929 367 979 500 979 633 979 746 933 838 837 929 746 975 633 975 500 975 367 929 254 838 162M808 192C892 279 933 379 933 500 933 621 892 725 808 808 725 892 621 938 500 938 379 938 279 896 196 808 113 725 67 621 67 500 67 379 108 279 196 192 279 108 383 62 500 62 621 62 721 108 808 192M438 392V642L642 517 438 392Z\"><\/path><\/svg>\t\t\t\t\t\t<\/div>\n\t\t\t\t\t\t\t\t\t<\/div>\n\t\t\t\t\t<\/div>\n\t\t\t\t\t\t<\/div>\n\t\t\t\t<div class=\"elementor-element elementor-element-09a272c elementor-hidden-desktop elementor-widget elementor-widget-spacer\" data-id=\"09a272c\" data-element_type=\"widget\" data-e-type=\"widget\" data-widget_type=\"spacer.default\">\n\t\t\t\t\t\t\t<div class=\"elementor-spacer\">\n\t\t\t<div class=\"elementor-spacer-inner\"><\/div>\n\t\t<\/div>\n\t\t\t\t\t\t<\/div>\n\t\t\t\t<div class=\"elementor-element elementor-element-8e8f82f elementor-widget elementor-widget-text-editor\" data-id=\"8e8f82f\" data-element_type=\"widget\" data-e-type=\"widget\" data-widget_type=\"text-editor.default\">\n\t\t\t\t\t\t\t\t\t<p>Attraverso i suoi servizi di teleradiologia e telerefertazione\u00a0<strong>Tesla Medical Solutions<\/strong>\u00a0coopera\u00a0<em>abbattendo le liste d\u2019attesa e riducendo i tempi di consegna del referto radiologico<\/em>. Siamo attenti agli sviluppi delle tecnologie all\u2019avanguardia nel settore dell\u2019imaging medicale, facendo riferimento alle attuali linee guida. Lavoriamo congiuntamente migliorando la performance diagnostica.<\/p>\t\t\t\t\t\t\t\t<\/div>\n\t\t\t\t<div class=\"elementor-element elementor-element-479a9d3 elementor-hidden-desktop elementor-widget elementor-widget-spacer\" data-id=\"479a9d3\" data-element_type=\"widget\" data-e-type=\"widget\" data-widget_type=\"spacer.default\">\n\t\t\t\t\t\t\t<div class=\"elementor-spacer\">\n\t\t\t<div class=\"elementor-spacer-inner\"><\/div>\n\t\t<\/div>\n\t\t\t\t\t\t<\/div>\n\t\t\t\t\t<\/div>\n\t\t\t\t<\/div>\n\t\t<div class=\"elementor-element elementor-element-bf3bd5d e-flex e-con-boxed e-con e-parent\" data-id=\"bf3bd5d\" data-element_type=\"container\" data-e-type=\"container\" data-settings=\"{&quot;background_background&quot;:&quot;classic&quot;}\">\n\t\t\t\t\t<div class=\"e-con-inner\">\n\t\t<div class=\"elementor-element elementor-element-a29ffcd e-con-full e-flex e-con e-child\" data-id=\"a29ffcd\" data-element_type=\"container\" data-e-type=\"container\" data-settings=\"{&quot;background_background&quot;:&quot;classic&quot;}\">\n\t\t\t\t<\/div>\n\t\t<div class=\"elementor-element elementor-element-b60b0ba e-con-full e-flex e-con e-child\" data-id=\"b60b0ba\" data-element_type=\"container\" data-e-type=\"container\">\n\t\t<div class=\"elementor-element elementor-element-9afa7ec e-con-full e-flex elementor-invisible e-con e-child\" data-id=\"9afa7ec\" data-element_type=\"container\" data-e-type=\"container\" data-settings=\"{&quot;animation&quot;:&quot;fadeInUp&quot;,&quot;animation_delay&quot;:&quot;200&quot;}\">\n\t\t\t\t<div class=\"elementor-element elementor-element-605e10f elementor-widget elementor-widget-heading\" data-id=\"605e10f\" data-element_type=\"widget\" data-e-type=\"widget\" data-widget_type=\"heading.default\">\n\t\t\t\t\t<h2 class=\"elementor-heading-title elementor-size-default\">Il tuo successo la nostra missione<\/h2>\t\t\t\t<\/div>\n\t\t\t\t<div class=\"elementor-element elementor-element-918f996 elementor-widget elementor-widget-heading\" data-id=\"918f996\" data-element_type=\"widget\" data-e-type=\"widget\" data-widget_type=\"heading.default\">\n\t\t\t\t\t<h5 class=\"elementor-heading-title elementor-size-default\">Focalizzati nei risultati<\/h5>\t\t\t\t<\/div>\n\t\t\t\t<\/div>\n\t\t<div class=\"elementor-element elementor-element-d17a94b e-con-full e-flex elementor-invisible e-con e-child\" data-id=\"d17a94b\" data-element_type=\"container\" data-e-type=\"container\" data-settings=\"{&quot;animation&quot;:&quot;fadeIn&quot;,&quot;animation_delay&quot;:&quot;400&quot;}\">\n\t\t<div class=\"elementor-element elementor-element-80987e7 e-con-full e-flex e-con e-child\" data-id=\"80987e7\" data-element_type=\"container\" data-e-type=\"container\">\n\t\t\t\t<div class=\"elementor-element elementor-element-54e620b elementor-widget elementor-widget-heading\" data-id=\"54e620b\" data-element_type=\"widget\" data-e-type=\"widget\" data-widget_type=\"heading.default\">\n\t\t\t\t\t<h4 class=\"elementor-heading-title elementor-size-default\">Email :<\/h4>\t\t\t\t<\/div>\n\t\t\t\t<div class=\"elementor-element elementor-element-57d868e elementor-widget elementor-widget-heading\" data-id=\"57d868e\" data-element_type=\"widget\" data-e-type=\"widget\" data-widget_type=\"heading.default\">\n\t\t\t\t\t<p class=\"elementor-heading-title elementor-size-default\">info@teslamedicalsolutions.it<\/p>\t\t\t\t<\/div>\n\t\t\t\t<\/div>\n\t\t<div class=\"elementor-element elementor-element-db7273a e-con-full e-flex e-con e-child\" data-id=\"db7273a\" data-element_type=\"container\" data-e-type=\"container\">\n\t\t\t\t<div class=\"elementor-element elementor-element-31fc6e3 elementor-widget elementor-widget-heading\" data-id=\"31fc6e3\" data-element_type=\"widget\" data-e-type=\"widget\" data-widget_type=\"heading.default\">\n\t\t\t\t\t<h4 class=\"elementor-heading-title elementor-size-default\">Telefono :<\/h4>\t\t\t\t<\/div>\n\t\t\t\t<div class=\"elementor-element elementor-element-a8d23a9 elementor-widget elementor-widget-heading\" data-id=\"a8d23a9\" data-element_type=\"widget\" data-e-type=\"widget\" data-widget_type=\"heading.default\">\n\t\t\t\t\t<p class=\"elementor-heading-title elementor-size-default\">+39 075 7829299<\/p>\t\t\t\t<\/div>\n\t\t\t\t<\/div>\n\t\t\t\t<\/div>\n\t\t<div class=\"elementor-element elementor-element-3ab74d5 e-con-full e-flex e-con e-child\" data-id=\"3ab74d5\" data-element_type=\"container\" data-e-type=\"container\">\n\t\t\t\t<div class=\"elementor-element elementor-element-d6dfbc9 elementor-button-align-stretch elementor-invisible elementor-widget elementor-widget-form\" data-id=\"d6dfbc9\" data-element_type=\"widget\" data-e-type=\"widget\" data-settings=\"{&quot;step_next_label&quot;:&quot;Next&quot;,&quot;step_previous_label&quot;:&quot;Previous&quot;,&quot;_animation&quot;:&quot;fadeIn&quot;,&quot;_animation_delay&quot;:&quot;600&quot;,&quot;button_width&quot;:&quot;100&quot;,&quot;step_type&quot;:&quot;number_text&quot;,&quot;step_icon_shape&quot;:&quot;circle&quot;}\" data-widget_type=\"form.default\">\n\t\t\t\t\t\t\t<form class=\"elementor-form\" method=\"post\" name=\"Contact Form\" aria-label=\"Contact Form\">\n\t\t\t<input type=\"hidden\" name=\"post_id\" value=\"3048\"\/>\n\t\t\t<input type=\"hidden\" name=\"form_id\" value=\"d6dfbc9\"\/>\n\t\t\t<input type=\"hidden\" name=\"referer_title\" value=\"Telerefertazione\" \/>\n\n\t\t\t\t\t\t\t<input type=\"hidden\" name=\"queried_id\" value=\"3048\"\/>\n\t\t\t\n\t\t\t<div class=\"elementor-form-fields-wrapper elementor-labels-above\">\n\t\t\t\t\t\t\t\t<div class=\"elementor-field-type-text elementor-field-group elementor-column elementor-field-group-name elementor-col-50 elementor-field-required elementor-mark-required\">\n\t\t\t\t\t\t\t\t\t\t\t\t<label for=\"form-field-name\" class=\"elementor-field-label\">\n\t\t\t\t\t\t\t\tNome\t\t\t\t\t\t\t<\/label>\n\t\t\t\t\t\t\t\t\t\t\t\t\t\t<input size=\"1\" type=\"text\" name=\"form_fields[name]\" id=\"form-field-name\" class=\"elementor-field elementor-size-sm  elementor-field-textual\" required=\"required\">\n\t\t\t\t\t\t\t\t\t\t\t<\/div>\n\t\t\t\t\t\t\t\t<div class=\"elementor-field-type-text elementor-field-group elementor-column elementor-field-group-field_8c8ad1c elementor-col-50 elementor-field-required elementor-mark-required\">\n\t\t\t\t\t\t\t\t\t\t\t\t<label for=\"form-field-field_8c8ad1c\" class=\"elementor-field-label\">\n\t\t\t\t\t\t\t\tCognome\t\t\t\t\t\t\t<\/label>\n\t\t\t\t\t\t\t\t\t\t\t\t\t\t<input size=\"1\" type=\"text\" name=\"form_fields[field_8c8ad1c]\" id=\"form-field-field_8c8ad1c\" class=\"elementor-field elementor-size-sm  elementor-field-textual\" required=\"required\">\n\t\t\t\t\t\t\t\t\t\t\t<\/div>\n\t\t\t\t\t\t\t\t<div class=\"elementor-field-type-email elementor-field-group elementor-column elementor-field-group-email elementor-col-50 elementor-field-required elementor-mark-required\">\n\t\t\t\t\t\t\t\t\t\t\t\t<label for=\"form-field-email\" class=\"elementor-field-label\">\n\t\t\t\t\t\t\t\tEmail\t\t\t\t\t\t\t<\/label>\n\t\t\t\t\t\t\t\t\t\t\t\t\t\t<input size=\"1\" type=\"email\" name=\"form_fields[email]\" id=\"form-field-email\" class=\"elementor-field elementor-size-sm  elementor-field-textual\" required=\"required\">\n\t\t\t\t\t\t\t\t\t\t\t<\/div>\n\t\t\t\t\t\t\t\t<div class=\"elementor-field-type-tel elementor-field-group elementor-column elementor-field-group-field_2c9b09f elementor-col-50 elementor-field-required elementor-mark-required\">\n\t\t\t\t\t\t\t\t\t\t\t\t<label for=\"form-field-field_2c9b09f\" class=\"elementor-field-label\">\n\t\t\t\t\t\t\t\tTelefono\t\t\t\t\t\t\t<\/label>\n\t\t\t\t\t\t\t\t<input size=\"1\" type=\"tel\" name=\"form_fields[field_2c9b09f]\" id=\"form-field-field_2c9b09f\" class=\"elementor-field elementor-size-sm  elementor-field-textual\" required=\"required\" pattern=\"[0-9()#&amp;+*-=.]+\" title=\"Sono accettati solo numeri e caratteri telefonici (#, -, *, ecc.).\">\n\n\t\t\t\t\t\t<\/div>\n\t\t\t\t\t\t\t\t<div class=\"elementor-field-type-select elementor-field-group elementor-column elementor-field-group-field_c1de521 elementor-col-100 elementor-field-required elementor-mark-required\">\n\t\t\t\t\t\t\t\t\t\t\t\t<label for=\"form-field-field_c1de521\" class=\"elementor-field-label\">\n\t\t\t\t\t\t\t\tInformazioni su:\t\t\t\t\t\t\t<\/label>\n\t\t\t\t\t\t\t\t<div class=\"elementor-field elementor-select-wrapper remove-before \">\n\t\t\t<div class=\"select-caret-down-wrapper\">\n\t\t\t\t<svg aria-hidden=\"true\" class=\"e-font-icon-svg e-eicon-caret-down\" viewBox=\"0 0 571.4 571.4\" xmlns=\"http:\/\/www.w3.org\/2000\/svg\"><path d=\"M571 393Q571 407 561 418L311 668Q300 679 286 679T261 668L11 418Q0 407 0 393T11 368 36 357H536Q550 357 561 368T571 393Z\"><\/path><\/svg>\t\t\t<\/div>\n\t\t\t<select name=\"form_fields[field_c1de521]\" id=\"form-field-field_c1de521\" class=\"elementor-field-textual elementor-size-sm\" required=\"required\">\n\t\t\t\t\t\t\t\t\t<option value=\"Info Generali\">Info Generali<\/option>\n\t\t\t\t\t\t\t\t\t<option value=\"Opportunit\u00e0 Lavorativa\">Opportunit\u00e0 Lavorativa<\/option>\n\t\t\t\t\t\t\t\t\t<option value=\"Richiesta Personale Medico\">Richiesta Personale Medico<\/option>\n\t\t\t\t\t\t\t\t\t<option value=\"Richiesta Servizi\">Richiesta Servizi<\/option>\n\t\t\t\t\t\t\t\t\t<option value=\"Altro\">Altro<\/option>\n\t\t\t\t\t\t\t<\/select>\n\t\t<\/div>\n\t\t\t\t\t\t<\/div>\n\t\t\t\t\t\t\t\t<div class=\"elementor-field-type-text elementor-field-group elementor-column elementor-field-group-message elementor-col-100 elementor-field-required elementor-mark-required\">\n\t\t\t\t\t\t\t\t\t\t\t\t<label for=\"form-field-message\" class=\"elementor-field-label\">\n\t\t\t\t\t\t\t\tProvincia di residenza italiana o stato estero\t\t\t\t\t\t\t<\/label>\n\t\t\t\t\t\t\t\t\t\t\t\t\t\t<input size=\"1\" type=\"text\" name=\"form_fields[message]\" id=\"form-field-message\" class=\"elementor-field elementor-size-sm  elementor-field-textual\" required=\"required\">\n\t\t\t\t\t\t\t\t\t\t\t<\/div>\n\t\t\t\t\t\t\t\t<div class=\"elementor-field-type-textarea elementor-field-group elementor-column elementor-field-group-field_bb0ad1d elementor-col-100\">\n\t\t\t\t\t\t\t\t\t\t\t\t<label for=\"form-field-field_bb0ad1d\" class=\"elementor-field-label\">\n\t\t\t\t\t\t\t\tMessaggio\t\t\t\t\t\t\t<\/label>\n\t\t\t\t\t\t<textarea class=\"elementor-field-textual elementor-field  elementor-size-sm\" name=\"form_fields[field_bb0ad1d]\" id=\"form-field-field_bb0ad1d\" rows=\"4\"><\/textarea>\t\t\t\t<\/div>\n\t\t\t\t\t\t\t\t<div class=\"elementor-field-group elementor-column elementor-field-type-submit elementor-col-100 e-form__buttons\">\n\t\t\t\t\t<button class=\"elementor-button elementor-size-sm\" type=\"submit\">\n\t\t\t\t\t\t<span class=\"elementor-button-content-wrapper\">\n\t\t\t\t\t\t\t\t\t\t\t\t\t\t\t\t\t\t\t\t\t\t<span class=\"elementor-button-text\">Invio<\/span>\n\t\t\t\t\t\t\t\t\t\t\t\t\t<\/span>\n\t\t\t\t\t<\/button>\n\t\t\t\t<\/div>\n\t\t\t<\/div>\n\t\t<\/form>\n\t\t\t\t\t\t<\/div>\n\t\t\t\t<\/div>\n\t\t\t\t<\/div>\n\t\t\t\t\t<\/div>\n\t\t\t\t<\/div>\n\t\t<div class=\"elementor-element elementor-element-967b009 e-con-full e-flex e-con e-parent\" data-id=\"967b009\" data-element_type=\"container\" data-e-type=\"container\" data-settings=\"{&quot;background_background&quot;:&quot;classic&quot;}\">\n\t\t<div class=\"elementor-element elementor-element-a9b9798 e-con-full e-flex e-con e-child\" data-id=\"a9b9798\" data-element_type=\"container\" data-e-type=\"container\">\n\t\t\t\t<div class=\"elementor-element elementor-element-e2d215b elementor--v-position-bottom elementor--h-position-center elementor-arrows-position-inside elementor-pagination-position-inside elementor-invisible elementor-widget elementor-widget-slides\" data-id=\"e2d215b\" data-element_type=\"widget\" data-e-type=\"widget\" data-settings=\"{&quot;transition&quot;:&quot;fade&quot;,&quot;_animation&quot;:&quot;fadeIn&quot;,&quot;_animation_delay&quot;:&quot;200&quot;,&quot;navigation&quot;:&quot;both&quot;,&quot;autoplay&quot;:&quot;yes&quot;,&quot;pause_on_hover&quot;:&quot;yes&quot;,&quot;pause_on_interaction&quot;:&quot;yes&quot;,&quot;autoplay_speed&quot;:5000,&quot;infinite&quot;:&quot;yes&quot;,&quot;transition_speed&quot;:500}\" data-widget_type=\"slides.default\">\n\t\t\t\t\t\t\t\t\t\t<div class=\"elementor-slides-wrapper elementor-main-swiper swiper\" role=\"region\" aria-roledescription=\"carousel\" aria-label=\"Slides\" dir=\"ltr\" data-animation=\"fadeInUp\">\n\t\t\t\t<div class=\"swiper-wrapper elementor-slides\">\n\t\t\t\t\t\t\t\t\t\t<div class=\"elementor-repeater-item-9cb7d37 swiper-slide\" role=\"group\" aria-roledescription=\"slide\"><div class=\"swiper-slide-bg\" role=\"img\" aria-label=\"20190726_57adff5016f6f6e9f8d5c812207ffc1e\"><\/div><div class=\"elementor-background-overlay\"><\/div><div class=\"swiper-slide-inner\" ><div class=\"swiper-slide-contents\"><\/div><\/div><\/div>\t\t\t\t<\/div>\n\t\t\t\t\t\t\t<\/div>\n\t\t\t\t\t\t\t\t<\/div>\n\t\t\t\t<\/div>\n\t\t<div class=\"elementor-element elementor-element-9fb399a e-con-full e-flex e-con e-child\" data-id=\"9fb399a\" data-element_type=\"container\" data-e-type=\"container\" data-settings=\"{&quot;background_background&quot;:&quot;classic&quot;}\">\n\t\t<div class=\"elementor-element elementor-element-8a8783e e-con-full e-flex elementor-invisible e-con e-child\" data-id=\"8a8783e\" data-element_type=\"container\" data-e-type=\"container\" data-settings=\"{&quot;animation&quot;:&quot;fadeIn&quot;,&quot;animation_delay&quot;:&quot;400&quot;}\">\n\t\t\t\t<div class=\"elementor-element elementor-element-363cfe4 elementor-widget elementor-widget-heading\" data-id=\"363cfe4\" data-element_type=\"widget\" data-e-type=\"widget\" data-widget_type=\"heading.default\">\n\t\t\t\t\t<h1 class=\"elementor-heading-title elementor-size-default\">Prova il nostro cloud dedicato<\/h1>\t\t\t\t<\/div>\n\t\t\t\t<div class=\"elementor-element elementor-element-0baeb2a elementor-widget elementor-widget-heading\" data-id=\"0baeb2a\" data-element_type=\"widget\" data-e-type=\"widget\" data-widget_type=\"heading.default\">\n\t\t\t\t\t<h5 class=\"elementor-heading-title elementor-size-default\"><b>Servizi di telerefertazione radiologica e teleradiologia innovativi creati per migliorare la performance delle strutture sanitarie.<\/h5>\t\t\t\t<\/div>\n\t\t\t\t<div class=\"elementor-element elementor-element-3c5384f elementor-widget elementor-widget-heading\" data-id=\"3c5384f\" data-element_type=\"widget\" data-e-type=\"widget\" data-widget_type=\"heading.default\">\n\t\t\t\t\t<p class=\"elementor-heading-title elementor-size-default\">Richiedi una demo gratuita della piattaforma Tesla Medical Solutions e scopri in prima persona quanto \u00e8 semplice, sicuro e veloce gestire i referti radiologici in telemedicina.\nIl nostro team ti guider\u00e0 passo dopo passo, mostrandoti le funzionalit\u00e0 del sistema, le modalit\u00e0 di refertazione e la gestione dei dati nel cloud privato.<\/p>\t\t\t\t<\/div>\n\t\t\t\t<div class=\"elementor-element elementor-element-4f0250b elementor-widget elementor-widget-spacer\" data-id=\"4f0250b\" data-element_type=\"widget\" data-e-type=\"widget\" data-widget_type=\"spacer.default\">\n\t\t\t\t\t\t\t<div class=\"elementor-spacer\">\n\t\t\t<div class=\"elementor-spacer-inner\"><\/div>\n\t\t<\/div>\n\t\t\t\t\t\t<\/div>\n\t\t<div class=\"elementor-element elementor-element-4d2e7b1 e-con-full e-flex e-con e-child\" data-id=\"4d2e7b1\" data-element_type=\"container\" data-e-type=\"container\">\n\t\t\t\t<div class=\"elementor-element elementor-element-062729f elementor-tablet-align-center elementor-widget elementor-widget-button\" data-id=\"062729f\" data-element_type=\"widget\" data-e-type=\"widget\" data-widget_type=\"button.default\">\n\t\t\t\t\t\t\t\t\t\t<a class=\"elementor-button elementor-button-link elementor-size-sm elementor-animation-shrink\" href=\"https:\/\/www.teslamedicalsolutions.it\/contatti\/\" target=\"_blank\">\n\t\t\t\t\t\t<span class=\"elementor-button-content-wrapper\">\n\t\t\t\t\t\t\t\t\t<span class=\"elementor-button-text\">Richiedi demo gratuita<\/span>\n\t\t\t\t\t<\/span>\n\t\t\t\t\t<\/a>\n\t\t\t\t\t\t\t\t<\/div>\n\t\t\t\t<div class=\"elementor-element elementor-element-6891b12 elementor-tablet-align-center elementor-widget elementor-widget-button\" data-id=\"6891b12\" data-element_type=\"widget\" data-e-type=\"widget\" data-widget_type=\"button.default\">\n\t\t\t\t\t\t\t\t\t\t<a class=\"elementor-button elementor-button-link elementor-size-sm elementor-animation-shrink\" href=\"https:\/\/telemedicina.teslamedicalsolutions.it\/index.php\/login\" target=\"_blank\">\n\t\t\t\t\t\t<span class=\"elementor-button-content-wrapper\">\n\t\t\t\t\t\t\t\t\t<span class=\"elementor-button-text\">Accedi subito al servizio<\/span>\n\t\t\t\t\t<\/span>\n\t\t\t\t\t<\/a>\n\t\t\t\t\t\t\t\t<\/div>\n\t\t\t\t<\/div>\n\t\t\t\t<\/div>\n\t\t\t\t<\/div>\n\t\t\t\t<\/div>\n\t\t\t\t<\/div>\n\t\t","protected":false},"excerpt":{"rendered":"<p>Telerefertazione e Teleradiologia TESLAMEDICALCLOUD Servizi di telerefertazione radiologica e teleradiologia innovativi creati per migliorare la performance delle strutture sanitarie. Tesla Medical Solutions offre servizi innovativi di consulto in telemedicina a supporto dell&#8217;attivit\u00e0 diagnostica delle strutture sanitarie, utilizzando una piattaforma tecnologica secondo la vigente normativa nazionale ed internazionale.La nostra piattaforma Private Cloud, con lettore DICOM integrato, [&hellip;]<\/p>\n","protected":false},"author":1,"featured_media":0,"parent":0,"menu_order":0,"comment_status":"closed","ping_status":"closed","template":"","meta":{"footnotes":""},"class_list":["post-3048","page","type-page","status-publish","hentry"],"_links":{"self":[{"href":"https:\/\/www.teslamedicalsolutions.it\/en\/wp-json\/wp\/v2\/pages\/3048","targetHints":{"allow":["GET"]}}],"collection":[{"href":"https:\/\/www.teslamedicalsolutions.it\/en\/wp-json\/wp\/v2\/pages"}],"about":[{"href":"https:\/\/www.teslamedicalsolutions.it\/en\/wp-json\/wp\/v2\/types\/page"}],"author":[{"embeddable":true,"href":"https:\/\/www.teslamedicalsolutions.it\/en\/wp-json\/wp\/v2\/users\/1"}],"replies":[{"embeddable":true,"href":"https:\/\/www.teslamedicalsolutions.it\/en\/wp-json\/wp\/v2\/comments?post=3048"}],"version-history":[{"count":140,"href":"https:\/\/www.teslamedicalsolutions.it\/en\/wp-json\/wp\/v2\/pages\/3048\/revisions"}],"predecessor-version":[{"id":4099,"href":"https:\/\/www.teslamedicalsolutions.it\/en\/wp-json\/wp\/v2\/pages\/3048\/revisions\/4099"}],"wp:attachment":[{"href":"https:\/\/www.teslamedicalsolutions.it\/en\/wp-json\/wp\/v2\/media?parent=3048"}],"curies":[{"name":"wp","href":"https:\/\/api.w.org\/{rel}","templated":true}]}}